{"id":1047,"date":"2020-03-09T12:01:03","date_gmt":"2020-03-09T15:01:03","guid":{"rendered":"https:\/\/agencialegions.com.br\/blog\/?page_id=1047"},"modified":"2022-02-10T14:10:25","modified_gmt":"2022-02-10T17:10:25","slug":"cases-de-sucesso","status":"publish","type":"page","link":"https:\/\/agencialegions.com.br\/blog\/cases-de-sucesso\/","title":{"rendered":"Cases de Sucesso"},"content":{"rendered":"\n<figure class=\"wp-block-image size-large is-resized is-style-default\"><a href=\"https:\/\/www.sitiopema.com.br\/\" target=\"_blank\" rel=\"noreferrer noopener\"><img loading=\"lazy\" decoding=\"async\" src=\"https:\/\/agencialegions.com.br\/blog\/wp-content\/uploads\/2020\/03\/logo-sitiopema-transparente.png\" alt=\"\" class=\"wp-image-1050\" width=\"171\" height=\"171\" srcset=\"https:\/\/agencialegions.com.br\/blog\/wp-content\/uploads\/2020\/03\/logo-sitiopema-transparente.png 320w, https:\/\/agencialegions.com.br\/blog\/wp-content\/uploads\/2020\/03\/logo-sitiopema-transparente-300x300.png 300w, https:\/\/agencialegions.com.br\/blog\/wp-content\/uploads\/2020\/03\/logo-sitiopema-transparente-150x150.png 150w, https:\/\/agencialegions.com.br\/blog\/wp-content\/uploads\/2020\/03\/logo-sitiopema-transparente-50x50.png 50w, https:\/\/agencialegions.com.br\/blog\/wp-content\/uploads\/2020\/03\/logo-sitiopema-transparente-80x80.png 80w\" sizes=\"auto, (max-width: 171px) 100vw, 171px\" \/><\/a><\/figure>\n\n\n\n<p>E quando o cliente te procura para iniciar o SEO do site da estaca ZERO?<\/p>\n\n\n\n<p>Foi isso que aconteceu na nossa parceria com o site, <a href=\"https:\/\/www.sitiopema.com.br\/\" target=\"_blank\" rel=\"noreferrer noopener\" aria-label=\"S\u00edtio Pema (abre numa nova aba)\">S\u00edtio Pema<\/a>.<\/p>\n\n\n\n<p>Em outubro de 2018, o site do S\u00edtio Pema foi lan\u00e7ado e com isso iniciou-se um trabalho \u00e1rduo de cria\u00e7\u00e3o de conte\u00fado para atrair tr\u00e1fego org\u00e2nico.<\/p>\n\n\n\n<p>O site \u00e9 bastante informativo sobre assuntos como: agropecu\u00e1ria, alimentos org\u00e2nicos, agroneg\u00f3cio, entre outros temas relacionados \u00e0 ecologia.<\/p>\n\n\n\n<p>Depois de algum tempo escrevendo artigos para o blog do site, utilizando estrat\u00e9gias de SEO e palavras chaves, o S\u00edtio Pema come\u00e7ou a aparecer nas primeiras p\u00e1ginas dos sites de buscas e com isso, come\u00e7ou a gerar leads sem nenhum custo para o cliente.<\/p>\n\n\n\n<p><strong>Conseguimos fazer o trafego crescer 350%<\/strong>!<\/p>\n\n\n\n<figure class=\"wp-block-image size-large is-style-default\"><img loading=\"lazy\" decoding=\"async\" width=\"942\" height=\"219\" src=\"https:\/\/agencialegions.com.br\/blog\/wp-content\/uploads\/2020\/03\/image-5.png\" alt=\"\" class=\"wp-image-1068\" srcset=\"https:\/\/agencialegions.com.br\/blog\/wp-content\/uploads\/2020\/03\/image-5.png 942w, https:\/\/agencialegions.com.br\/blog\/wp-content\/uploads\/2020\/03\/image-5-300x70.png 300w, https:\/\/agencialegions.com.br\/blog\/wp-content\/uploads\/2020\/03\/image-5-768x179.png 768w\" sizes=\"auto, (max-width: 942px) 100vw, 942px\" \/><\/figure>\n\n\n\n<p>Desta forma, o nosso maior aprendizado foi que mesmo o marketing de conte\u00fado sendo um trabalho que gera resultado a m\u00e9dio \u00e0 longo prazo, \u00e9 as estrat\u00e9gias mais sustent\u00e1veis e duradouras para um site. Um grande case de sucesso n\u00e3o \u00e9 mesmo?!<br><br>Quais estrat\u00e9gias voc\u00ea est\u00e1 utilizando para o seu site? O seu site est\u00e1 nas primeiras p\u00e1ginas dos sites de buscas?&nbsp;<\/p>\n\n\n\n<p>N\u00f3s queremos ajudar voc\u00ea! <a href=\"https:\/\/agencialegions.com.br\/otimizacao-seo-marketing-conteudo\/\">Clique aqui para saber como podemos ajudar<\/a>.<\/p>\n\n\n<div role=\"main\" id=\"comente-nosso-artigo-lgn-d32cad4bb2c3d241259b\"><\/div>\n<p><script type=\"text\/javascript\" src=\"https:\/\/d335luupugsy2.cloudfront.net\/js\/rdstation-forms\/stable\/rdstation-forms.min.js\"><\/script><br \/>\n<script type=\"text\/javascript\">\n  new RDStationForms('comente-nosso-artigo-lgn-d32cad4bb2c3d241259b-html', 'UA-52850629-1').createForm();\n<\/script><\/p>\n\n\n\n<p><br><\/p>\n","protected":false},"excerpt":{"rendered":"<p>E quando o cliente te procura para iniciar o SEO do site da estaca ZERO? Foi isso que aconteceu na nossa parceria com o site, S\u00edtio Pema. Em outubro de 2018, o site do S\u00edtio Pema foi lan\u00e7ado e com isso iniciou-se um trabalho \u00e1rduo de cria\u00e7\u00e3o de conte\u00fado para atrair tr\u00e1fego org\u00e2nico. O site [&hellip;]<\/p>\n","protected":false},"author":2,"featured_media":0,"parent":0,"menu_order":0,"comment_status":"closed","ping_status":"closed","template":"","meta":{"footnotes":""},"class_list":["post-1047","page","type-page","status-publish","hentry"],"yoast_head":"<!-- This site is optimized with the Yoast SEO plugin v27.4 - https:\/\/yoast.com\/product\/yoast-seo-wordpress\/ -->\n<title>S\u00edtio Pema, como saiu do zero com Marketing Conte\u00fado e SEO<\/title>\n<meta name=\"description\" content=\"Case de sucesso do S\u00edtio Pema Agroecl\u00f3gico, como saiu do zero e conseguiu milhares de visitantes usando somente SEO e Marketing Conte\u00fado\" \/>\n<meta name=\"robots\" content=\"index, follow, max-snippet:-1, max-image-preview:large, max-video-preview:-1\" \/>\n<link rel=\"canonical\" href=\"https:\/\/agencialegions.com.br\/blog\/cases-de-sucesso\/\" \/>\n<meta property=\"og:locale\" content=\"pt_BR\" \/>\n<meta property=\"og:type\" content=\"article\" \/>\n<meta property=\"og:title\" content=\"S\u00edtio Pema, como saiu do zero com Marketing Conte\u00fado e SEO\" \/>\n<meta property=\"og:description\" content=\"Case de sucesso do S\u00edtio Pema Agroecl\u00f3gico, como saiu do zero e conseguiu milhares de visitantes usando somente SEO e Marketing Conte\u00fado\" \/>\n<meta property=\"og:url\" content=\"https:\/\/agencialegions.com.br\/blog\/cases-de-sucesso\/\" \/>\n<meta property=\"og:site_name\" content=\"Legions Intelligence Hub\" \/>\n<meta property=\"article:publisher\" content=\"https:\/\/www.facebook.com\/agencialegions\" \/>\n<meta property=\"article:modified_time\" content=\"2022-02-10T17:10:25+00:00\" \/>\n<meta property=\"og:image\" content=\"https:\/\/agencialegions.com.br\/blog\/wp-content\/uploads\/2020\/03\/logo-sitiopema-transparente.png\" \/>\n<meta name=\"twitter:card\" content=\"summary_large_image\" \/>\n<meta name=\"twitter:site\" content=\"@agencialegions\" \/>\n<meta name=\"twitter:label1\" content=\"Est. tempo de leitura\" \/>\n\t<meta name=\"twitter:data1\" content=\"2 minutos\" \/>\n<!-- \/ Yoast SEO plugin. -->","yoast_head_json":{"title":"S\u00edtio Pema, como saiu do zero com Marketing Conte\u00fado e SEO","description":"Case de sucesso do S\u00edtio Pema Agroecl\u00f3gico, como saiu do zero e conseguiu milhares de visitantes usando somente SEO e Marketing Conte\u00fado","robots":{"index":"index","follow":"follow","max-snippet":"max-snippet:-1","max-image-preview":"max-image-preview:large","max-video-preview":"max-video-preview:-1"},"canonical":"https:\/\/agencialegions.com.br\/blog\/cases-de-sucesso\/","og_locale":"pt_BR","og_type":"article","og_title":"S\u00edtio Pema, como saiu do zero com Marketing Conte\u00fado e SEO","og_description":"Case de sucesso do S\u00edtio Pema Agroecl\u00f3gico, como saiu do zero e conseguiu milhares de visitantes usando somente SEO e Marketing Conte\u00fado","og_url":"https:\/\/agencialegions.com.br\/blog\/cases-de-sucesso\/","og_site_name":"Legions Intelligence Hub","article_publisher":"https:\/\/www.facebook.com\/agencialegions","article_modified_time":"2022-02-10T17:10:25+00:00","og_image":[{"url":"https:\/\/agencialegions.com.br\/blog\/wp-content\/uploads\/2020\/03\/logo-sitiopema-transparente.png","type":"","width":"","height":""}],"twitter_card":"summary_large_image","twitter_site":"@agencialegions","twitter_misc":{"Est. tempo de leitura":"2 minutos"},"schema":{"@context":"https:\/\/schema.org","@graph":[{"@type":"WebPage","@id":"https:\/\/agencialegions.com.br\/blog\/cases-de-sucesso\/","url":"https:\/\/agencialegions.com.br\/blog\/cases-de-sucesso\/","name":"S\u00edtio Pema, como saiu do zero com Marketing Conte\u00fado e SEO","isPartOf":{"@id":"https:\/\/agencialegions.com.br\/blog\/#website"},"primaryImageOfPage":{"@id":"https:\/\/agencialegions.com.br\/blog\/cases-de-sucesso\/#primaryimage"},"image":{"@id":"https:\/\/agencialegions.com.br\/blog\/cases-de-sucesso\/#primaryimage"},"thumbnailUrl":"https:\/\/agencialegions.com.br\/blog\/wp-content\/uploads\/2020\/03\/logo-sitiopema-transparente.png","datePublished":"2020-03-09T15:01:03+00:00","dateModified":"2022-02-10T17:10:25+00:00","description":"Case de sucesso do S\u00edtio Pema Agroecl\u00f3gico, como saiu do zero e conseguiu milhares de visitantes usando somente SEO e Marketing Conte\u00fado","breadcrumb":{"@id":"https:\/\/agencialegions.com.br\/blog\/cases-de-sucesso\/#breadcrumb"},"inLanguage":"pt-BR","potentialAction":[{"@type":"ReadAction","target":["https:\/\/agencialegions.com.br\/blog\/cases-de-sucesso\/"]}]},{"@type":"ImageObject","inLanguage":"pt-BR","@id":"https:\/\/agencialegions.com.br\/blog\/cases-de-sucesso\/#primaryimage","url":"https:\/\/agencialegions.com.br\/blog\/wp-content\/uploads\/2020\/03\/logo-sitiopema-transparente.png","contentUrl":"https:\/\/agencialegions.com.br\/blog\/wp-content\/uploads\/2020\/03\/logo-sitiopema-transparente.png","width":320,"height":320},{"@type":"BreadcrumbList","@id":"https:\/\/agencialegions.com.br\/blog\/cases-de-sucesso\/#breadcrumb","itemListElement":[{"@type":"ListItem","position":1,"name":"In\u00edcio","item":"https:\/\/agencialegions.com.br\/blog\/"},{"@type":"ListItem","position":2,"name":"Cases de Sucesso"}]},{"@type":"WebSite","@id":"https:\/\/agencialegions.com.br\/blog\/#website","url":"https:\/\/agencialegions.com.br\/blog\/","name":"Legions Intelligence Hub","description":"","publisher":{"@id":"https:\/\/agencialegions.com.br\/blog\/#organization"},"potentialAction":[{"@type":"SearchAction","target":{"@type":"EntryPoint","urlTemplate":"https:\/\/agencialegions.com.br\/blog\/?s={search_term_string}"},"query-input":{"@type":"PropertyValueSpecification","valueRequired":true,"valueName":"search_term_string"}}],"inLanguage":"pt-BR"},{"@type":"Organization","@id":"https:\/\/agencialegions.com.br\/blog\/#organization","name":"Ag\u00eancia Legions","url":"https:\/\/agencialegions.com.br\/blog\/","logo":{"@type":"ImageObject","inLanguage":"pt-BR","@id":"https:\/\/agencialegions.com.br\/blog\/#\/schema\/logo\/image\/","url":"https:\/\/agencialegions.com.br\/blog\/wp-content\/uploads\/2020\/09\/diferenca-entre-trafego-pago-e-organico-em-ilustra.jpeg","contentUrl":"https:\/\/agencialegions.com.br\/blog\/wp-content\/uploads\/2020\/09\/diferenca-entre-trafego-pago-e-organico-em-ilustra.jpeg","width":2500,"height":1450,"caption":"Ag\u00eancia Legions"},"image":{"@id":"https:\/\/agencialegions.com.br\/blog\/#\/schema\/logo\/image\/"},"sameAs":["https:\/\/www.facebook.com\/agencialegions","https:\/\/x.com\/agencialegions","https:\/\/www.instagram.com\/agencialegions\/","https:\/\/www.linkedin.com\/company\/agencia-legions\/","https:\/\/www.youtube.com\/c\/legionsbiz"]}]}},"_links":{"self":[{"href":"https:\/\/agencialegions.com.br\/blog\/wp-json\/wp\/v2\/pages\/1047","targetHints":{"allow":["GET"]}}],"collection":[{"href":"https:\/\/agencialegions.com.br\/blog\/wp-json\/wp\/v2\/pages"}],"about":[{"href":"https:\/\/agencialegions.com.br\/blog\/wp-json\/wp\/v2\/types\/page"}],"author":[{"embeddable":true,"href":"https:\/\/agencialegions.com.br\/blog\/wp-json\/wp\/v2\/users\/2"}],"replies":[{"embeddable":true,"href":"https:\/\/agencialegions.com.br\/blog\/wp-json\/wp\/v2\/comments?post=1047"}],"version-history":[{"count":10,"href":"https:\/\/agencialegions.com.br\/blog\/wp-json\/wp\/v2\/pages\/1047\/revisions"}],"predecessor-version":[{"id":1070,"href":"https:\/\/agencialegions.com.br\/blog\/wp-json\/wp\/v2\/pages\/1047\/revisions\/1070"}],"wp:attachment":[{"href":"https:\/\/agencialegions.com.br\/blog\/wp-json\/wp\/v2\/media?parent=1047"}],"curies":[{"name":"wp","href":"https:\/\/api.w.org\/{rel}","templated":true}]}}