{"id":561,"date":"2018-05-18T17:05:43","date_gmt":"2018-05-18T20:05:43","guid":{"rendered":"https:\/\/agencialegions.com.br\/blog\/?page_id=561"},"modified":"2026-01-10T08:20:49","modified_gmt":"2026-01-10T11:20:49","slug":"marketing-digital-dicas-vendas-ebook","status":"publish","type":"page","link":"https:\/\/agencialegions.com.br\/blog\/marketing-digital-dicas-vendas-ebook\/","title":{"rendered":"E-books e Planilhas de Marketing Digital e Vendas"},"content":{"rendered":"\n<p>Uma sele\u00e7\u00e3o de conte\u00fado gratuito de Marketing Digital e dicas de Vendas.<\/p>\n\n\n\n<div class=\"container-fluid\">\n<div class=\"row\">\n<figure><a href=\"https:\/\/materiais.agencialegions.com.br\/geracao-de-leads-google-adwords\" target=\"_blank\" rel=\"noopener noreferrer\"><img loading=\"lazy\" decoding=\"async\" class=\"alignnone wp-image-431 size-medium aligncenter\" title=\"Gera\u00e7\u00e3o de Leads em Google AdWords\" src=\"https:\/\/agencialegions.com.br\/blog\/wp-content\/uploads\/2016\/06\/geracao-leads-google-baixe-agora-300-300x282.jpg\" alt=\"Gera\u00e7\u00e3o de Leads em Google AdWords\" width=\"300\" height=\"282\"><\/a><\/figure><div class=\"col-sm-6\">\n<h5>Gera\u00e7\u00e3o de Leads em Google Ads<\/h5>\n<\/div>\n<div class=\"col-sm-6\">\n<h5><a href=\"http:\/\/materiais.legions.biz\/20-otimizacoes-facebook-ads\" target=\"_blank\" rel=\"noopener noreferrer\"><br>\n<\/a><a href=\"https:\/\/materiais.agencialegions.com.br\/20-otimizacoes-facebook-ads\" target=\"_blank\" rel=\"noopener noreferrer\"><img loading=\"lazy\" decoding=\"async\" class=\"alignnone wp-image-803 size-medium\" title=\"20 otimiza\u00e7\u00f5es em facebook Ads\" src=\"https:\/\/agencialegions.com.br\/blog\/wp-content\/uploads\/2019\/05\/20-otimizacoes-facebook-ads-ebook-300x282.jpg\" alt=\"20-otimizacoes-facebook-ads-ebook\" width=\"300\" height=\"282\"><\/a>20 Otimiza\u00e7\u00f5es em Facebook Ads<\/h5>\n<\/div>\n<\/div>\n<div class=\"row\">\n<div class=\"col-sm-6\"><a href=\"https:\/\/materiais.agencialegions.com.br\/facebook-guia-do-marketing\"><img loading=\"lazy\" decoding=\"async\" class=\"alignnone wp-image-206 size-medium\" title=\"O Guia do Marketing no Facebook\" src=\"https:\/\/agencialegions.com.br\/blog\/wp-content\/uploads\/2016\/06\/O-Guia-do-Marketing-no-Facebook-com-CTA-300x282.png\" alt=\"O Guia do Marketing no Facebook\" width=\"300\" height=\"282\" srcset=\"https:\/\/agencialegions.com.br\/blog\/wp-content\/uploads\/2016\/06\/O-Guia-do-Marketing-no-Facebook-com-CTA-300x282.png 300w, https:\/\/agencialegions.com.br\/blog\/wp-content\/uploads\/2016\/06\/O-Guia-do-Marketing-no-Facebook-com-CTA.png 510w\" sizes=\"auto, (max-width: 300px) 100vw, 300px\" \/><\/a><p><\/p>\n<h5>O Guia do Marketing no Facebook<\/h5>\n<\/div>\n<div class=\"col-sm-6\">\n<figure><a href=\"https:\/\/materiais.agencialegions.com.br\/google-web-analytics-ebook\" target=\"_blank\" rel=\"noopener noreferrer\"><img loading=\"lazy\" decoding=\"async\" class=\"alignnone wp-image-15 size-medium\" title=\"Web Analytics na pr\u00e1tica\" src=\"https:\/\/agencialegions.com.br\/blog\/wp-content\/uploads\/2016\/06\/web-analytics-pratica-300x281.png\" alt=\"Web Analytics na pr\u00e1tica\" width=\"300\" height=\"281\" srcset=\"https:\/\/agencialegions.com.br\/blog\/wp-content\/uploads\/2016\/06\/web-analytics-pratica-300x281.png 300w, https:\/\/agencialegions.com.br\/blog\/wp-content\/uploads\/2016\/06\/web-analytics-pratica.png 510w\" sizes=\"auto, (max-width: 300px) 100vw, 300px\" \/><\/a><\/figure><p><\/p>\n<h5>Web Analytics na pr\u00e1tica<\/h5>\n<\/div>\n<\/div>\n<div class=\"row\">\n<div class=\"col-sm-6\">\n<figure><a href=\"https:\/\/materiais.agencialegions.com.br\/ebook-marketing-viral-empresas\" target=\"_blank\" rel=\"noopener noreferrer\"><img loading=\"lazy\" decoding=\"async\" class=\"alignnone wp-image-38 size-medium\" title=\"Marketing Viral da Teoria a Pr\u00e1tica\" src=\"https:\/\/agencialegions.com.br\/blog\/wp-content\/uploads\/2016\/06\/marketing-viral-300x274.png\" alt=\"Marketing Viral da Teoria a Pr\u00e1tica\" width=\"300\" height=\"274\" srcset=\"https:\/\/agencialegions.com.br\/blog\/wp-content\/uploads\/2016\/06\/marketing-viral-300x274.png 300w, https:\/\/agencialegions.com.br\/blog\/wp-content\/uploads\/2016\/06\/marketing-viral.png 510w\" sizes=\"auto, (max-width: 300px) 100vw, 300px\" \/><\/a><\/figure><p><\/p>\n<h5>Marketing Viral da Teoria a Pr\u00e1tica<\/h5>\n<\/div>\n<div class=\"col-sm-6\">\n<figure><a href=\"https:\/\/materiais.agencialegions.com.br\/e-book-gratis-marketing-digital-completo-para-iniciantes\" target=\"_blank\" rel=\"noopener noreferrer\"><img loading=\"lazy\" decoding=\"async\" class=\"alignnone wp-image-40 size-medium\" title=\"Marketing Digital completo passo a passo para iniciantes \" src=\"https:\/\/agencialegions.com.br\/blog\/wp-content\/uploads\/2016\/06\/marketing-digital-para-empreendedores-300x282.png\" alt=\"Marketing Digital completo passo a passo para iniciantes \" width=\"300\" height=\"282\" srcset=\"https:\/\/agencialegions.com.br\/blog\/wp-content\/uploads\/2016\/06\/marketing-digital-para-empreendedores-300x282.png 300w, https:\/\/agencialegions.com.br\/blog\/wp-content\/uploads\/2016\/06\/marketing-digital-para-empreendedores.png 510w\" sizes=\"auto, (max-width: 300px) 100vw, 300px\" \/><\/a><\/figure><p><\/p>\n<h5>Marketing Digital completo passo a passo para iniciantes<\/h5>\n<\/div>\n<\/div>\n<div class=\"row\">\n<div class=\"col-sm-6\">\n<figure><a href=\"https:\/\/materiais.agencialegions.com.br\/101-dicas-marketing-digital\" target=\"_blank\" rel=\"noopener noreferrer\"><img loading=\"lazy\" decoding=\"async\" class=\"alignnone wp-image-109 size-medium\" title=\"eBook 101 Dicas de Marketing Digital\" src=\"https:\/\/agencialegions.com.br\/blog\/wp-content\/uploads\/2016\/06\/Ebook-101-dicas-2-300x281.png\" alt=\"eBook 101 Dicas de Marketing Digital\" width=\"300\" height=\"281\" srcset=\"https:\/\/agencialegions.com.br\/blog\/wp-content\/uploads\/2016\/06\/Ebook-101-dicas-2-300x281.png 300w, https:\/\/agencialegions.com.br\/blog\/wp-content\/uploads\/2016\/06\/Ebook-101-dicas-2.png 510w\" sizes=\"auto, (max-width: 300px) 100vw, 300px\" \/><\/a><\/figure><p><\/p>\n<h5>101 Dicas de Marketing Digital<\/h5>\n<\/div>\n<div class=\"col-sm-6\">\n<figure><a href=\"http:\/\/materiais.agencialegions.com.br\/ebook-mensurar-otimizar-canais-marketing\" target=\"_blank\" rel=\"noopener noreferrer\"><img loading=\"lazy\" decoding=\"async\" class=\"alignnone wp-image-48 size-medium\" title=\"Como Mensurar e Otimizar Marketing Digital\" src=\"https:\/\/agencialegions.com.br\/blog\/wp-content\/uploads\/2016\/06\/otimizar-marketing-digital-300x296.png\" alt=\"Otimizar marketing digital\" width=\"300\" height=\"296\" srcset=\"https:\/\/agencialegions.com.br\/blog\/wp-content\/uploads\/2016\/06\/otimizar-marketing-digital-300x296.png 300w, https:\/\/agencialegions.com.br\/blog\/wp-content\/uploads\/2016\/06\/otimizar-marketing-digital-50x50.png 50w, https:\/\/agencialegions.com.br\/blog\/wp-content\/uploads\/2016\/06\/otimizar-marketing-digital.png 510w\" sizes=\"auto, (max-width: 300px) 100vw, 300px\" \/><\/a><\/figure><p><\/p>\n<h5>Como Mensurar e Otimizar Marketing Digital<\/h5>\n<\/div>\n<\/div>\n<div class=\"row\">\n<div class=\"col-sm-6\">\n<figure><a href=\"https:\/\/materiais.agencialegions.com.br\/ebook-guia-pratico-email-marketing\" target=\"_blank\" rel=\"noopener noreferrer\"><img loading=\"lazy\" decoding=\"async\" class=\"alignnone wp-image-319 size-medium\" title=\"O Guia Pr\u00e1tico do E-mail Marketing\" src=\"https:\/\/agencialegions.com.br\/blog\/wp-content\/uploads\/2016\/06\/Ebook-Guia-pratico-do-Email-marketing-300x281.png\" alt=\"O Guia Pr\u00e1tico do E-mail Marketing\" width=\"300\" height=\"281\" srcset=\"https:\/\/agencialegions.com.br\/blog\/wp-content\/uploads\/2016\/06\/Ebook-Guia-pratico-do-Email-marketing-300x281.png 300w, https:\/\/agencialegions.com.br\/blog\/wp-content\/uploads\/2016\/06\/Ebook-Guia-pratico-do-Email-marketing.png 510w\" sizes=\"auto, (max-width: 300px) 100vw, 300px\" \/><\/a><\/figure><p><\/p>\n<h5>O Guia Pr\u00e1tico do E-mail Marketing<\/h5>\n<\/div>\n<div class=\"col-sm-6\">\n<figure><a href=\"https:\/\/materiais.agencialegions.com.br\/template-de-pipeline-e-forecast\" target=\"_blank\" rel=\"noopener noreferrer\"><img loading=\"lazy\" decoding=\"async\" class=\"alignnone wp-image-47 size-medium\" title=\"Template Excel - Controle de vendas\" src=\"https:\/\/agencialegions.com.br\/blog\/wp-content\/uploads\/2016\/06\/template-gestao-comercial-300x235.png\" alt=\"Template Controle de vendas\" width=\"300\" height=\"235\" srcset=\"https:\/\/agencialegions.com.br\/blog\/wp-content\/uploads\/2016\/06\/template-gestao-comercial-300x235.png 300w, https:\/\/agencialegions.com.br\/blog\/wp-content\/uploads\/2016\/06\/template-gestao-comercial.png 510w\" sizes=\"auto, (max-width: 300px) 100vw, 300px\" \/><\/a><\/figure><p><\/p>\n<h5>Template Excel &#8211; Controle de vendas<\/h5>\n<\/div>\n<\/div>\n<\/div>\n\n\n\n<p>Se inscreva em nossa Newsletter e fique sabendo dos nossos lan\u00e7amento de conte\u00fado de Marketing Digital e dicas de vendas.<\/p>\n\n\n\n<p><\/p>\n","protected":false},"excerpt":{"rendered":"<p>Uma sele\u00e7\u00e3o de conte\u00fado gratuito de Marketing Digital e dicas de Vendas. Gera\u00e7\u00e3o de Leads em Google Ads 20 Otimiza\u00e7\u00f5es em Facebook Ads O Guia do Marketing no Facebook Web Analytics na pr\u00e1tica Marketing Viral da Teoria a Pr\u00e1tica Marketing Digital completo passo a passo para iniciantes 101 Dicas de Marketing Digital Como Mensurar e [&hellip;]<\/p>\n","protected":false},"author":1,"featured_media":0,"parent":0,"menu_order":0,"comment_status":"closed","ping_status":"closed","template":"","meta":{"footnotes":""},"class_list":["post-561","page","type-page","status-publish","hentry"],"yoast_head":"<!-- This site is optimized with the Yoast SEO plugin v27.4 - https:\/\/yoast.com\/product\/yoast-seo-wordpress\/ -->\n<title>E-books e Planilhas de Marketing Digital e Vendas<\/title>\n<meta name=\"description\" content=\"Uma sele\u00e7\u00e3o de conte\u00fado gratuito de Marketing Digital e dicas de Vendas. E-books em PDF e planilhas em Excel totalmente aberta.\" \/>\n<meta name=\"robots\" content=\"index, follow, max-snippet:-1, max-image-preview:large, max-video-preview:-1\" \/>\n<link rel=\"canonical\" href=\"https:\/\/agencialegions.com.br\/blog\/marketing-digital-dicas-vendas-ebook\/\" \/>\n<meta property=\"og:locale\" content=\"pt_BR\" \/>\n<meta property=\"og:type\" content=\"article\" \/>\n<meta property=\"og:title\" content=\"E-books e Planilhas de Marketing Digital e Vendas\" \/>\n<meta property=\"og:description\" content=\"Uma sele\u00e7\u00e3o de conte\u00fado gratuito de Marketing Digital e dicas de Vendas. E-books em PDF e planilhas em Excel totalmente aberta.\" \/>\n<meta property=\"og:url\" content=\"https:\/\/agencialegions.com.br\/blog\/marketing-digital-dicas-vendas-ebook\/\" \/>\n<meta property=\"og:site_name\" content=\"Legions Intelligence Hub\" \/>\n<meta property=\"article:publisher\" content=\"https:\/\/www.facebook.com\/agencialegions\" \/>\n<meta property=\"article:modified_time\" content=\"2026-01-10T11:20:49+00:00\" \/>\n<meta property=\"og:image\" content=\"https:\/\/agencialegions.com.br\/blog\/wp-content\/uploads\/2016\/06\/geracao-leads-google-baixe-agora-300.jpg\" \/>\n\t<meta property=\"og:image:width\" content=\"300\" \/>\n\t<meta property=\"og:image:height\" content=\"282\" \/>\n\t<meta property=\"og:image:type\" content=\"image\/jpeg\" \/>\n<meta name=\"twitter:card\" content=\"summary_large_image\" \/>\n<meta name=\"twitter:site\" content=\"@agencialegions\" \/>\n<meta name=\"twitter:label1\" content=\"Est. tempo de leitura\" \/>\n\t<meta name=\"twitter:data1\" content=\"3 minutos\" \/>\n<!-- \/ Yoast SEO plugin. -->","yoast_head_json":{"title":"E-books e Planilhas de Marketing Digital e Vendas","description":"Uma sele\u00e7\u00e3o de conte\u00fado gratuito de Marketing Digital e dicas de Vendas. E-books em PDF e planilhas em Excel totalmente aberta.","robots":{"index":"index","follow":"follow","max-snippet":"max-snippet:-1","max-image-preview":"max-image-preview:large","max-video-preview":"max-video-preview:-1"},"canonical":"https:\/\/agencialegions.com.br\/blog\/marketing-digital-dicas-vendas-ebook\/","og_locale":"pt_BR","og_type":"article","og_title":"E-books e Planilhas de Marketing Digital e Vendas","og_description":"Uma sele\u00e7\u00e3o de conte\u00fado gratuito de Marketing Digital e dicas de Vendas. E-books em PDF e planilhas em Excel totalmente aberta.","og_url":"https:\/\/agencialegions.com.br\/blog\/marketing-digital-dicas-vendas-ebook\/","og_site_name":"Legions Intelligence Hub","article_publisher":"https:\/\/www.facebook.com\/agencialegions","article_modified_time":"2026-01-10T11:20:49+00:00","og_image":[{"width":300,"height":282,"url":"https:\/\/agencialegions.com.br\/blog\/wp-content\/uploads\/2016\/06\/geracao-leads-google-baixe-agora-300.jpg","type":"image\/jpeg"}],"twitter_card":"summary_large_image","twitter_site":"@agencialegions","twitter_misc":{"Est. tempo de leitura":"3 minutos"},"schema":{"@context":"https:\/\/schema.org","@graph":[{"@type":"WebPage","@id":"https:\/\/agencialegions.com.br\/blog\/marketing-digital-dicas-vendas-ebook\/","url":"https:\/\/agencialegions.com.br\/blog\/marketing-digital-dicas-vendas-ebook\/","name":"E-books e Planilhas de Marketing Digital e Vendas","isPartOf":{"@id":"https:\/\/agencialegions.com.br\/blog\/#website"},"primaryImageOfPage":{"@id":"https:\/\/agencialegions.com.br\/blog\/marketing-digital-dicas-vendas-ebook\/#primaryimage"},"image":{"@id":"https:\/\/agencialegions.com.br\/blog\/marketing-digital-dicas-vendas-ebook\/#primaryimage"},"thumbnailUrl":"https:\/\/agencialegions.com.br\/blog\/wp-content\/uploads\/2016\/06\/geracao-leads-google-baixe-agora-300-300x282.jpg","datePublished":"2018-05-18T20:05:43+00:00","dateModified":"2026-01-10T11:20:49+00:00","description":"Uma sele\u00e7\u00e3o de conte\u00fado gratuito de Marketing Digital e dicas de Vendas. E-books em PDF e planilhas em Excel totalmente aberta.","breadcrumb":{"@id":"https:\/\/agencialegions.com.br\/blog\/marketing-digital-dicas-vendas-ebook\/#breadcrumb"},"inLanguage":"pt-BR","potentialAction":[{"@type":"ReadAction","target":["https:\/\/agencialegions.com.br\/blog\/marketing-digital-dicas-vendas-ebook\/"]}]},{"@type":"ImageObject","inLanguage":"pt-BR","@id":"https:\/\/agencialegions.com.br\/blog\/marketing-digital-dicas-vendas-ebook\/#primaryimage","url":"https:\/\/agencialegions.com.br\/blog\/wp-content\/uploads\/2016\/06\/geracao-leads-google-baixe-agora-300.jpg","contentUrl":"https:\/\/agencialegions.com.br\/blog\/wp-content\/uploads\/2016\/06\/geracao-leads-google-baixe-agora-300.jpg","width":300,"height":282},{"@type":"BreadcrumbList","@id":"https:\/\/agencialegions.com.br\/blog\/marketing-digital-dicas-vendas-ebook\/#breadcrumb","itemListElement":[{"@type":"ListItem","position":1,"name":"In\u00edcio","item":"https:\/\/agencialegions.com.br\/blog\/"},{"@type":"ListItem","position":2,"name":"E-books e Planilhas de Marketing Digital e Vendas"}]},{"@type":"WebSite","@id":"https:\/\/agencialegions.com.br\/blog\/#website","url":"https:\/\/agencialegions.com.br\/blog\/","name":"Legions Intelligence Hub","description":"","publisher":{"@id":"https:\/\/agencialegions.com.br\/blog\/#organization"},"potentialAction":[{"@type":"SearchAction","target":{"@type":"EntryPoint","urlTemplate":"https:\/\/agencialegions.com.br\/blog\/?s={search_term_string}"},"query-input":{"@type":"PropertyValueSpecification","valueRequired":true,"valueName":"search_term_string"}}],"inLanguage":"pt-BR"},{"@type":"Organization","@id":"https:\/\/agencialegions.com.br\/blog\/#organization","name":"Ag\u00eancia Legions","url":"https:\/\/agencialegions.com.br\/blog\/","logo":{"@type":"ImageObject","inLanguage":"pt-BR","@id":"https:\/\/agencialegions.com.br\/blog\/#\/schema\/logo\/image\/","url":"https:\/\/agencialegions.com.br\/blog\/wp-content\/uploads\/2020\/09\/diferenca-entre-trafego-pago-e-organico-em-ilustra.jpeg","contentUrl":"https:\/\/agencialegions.com.br\/blog\/wp-content\/uploads\/2020\/09\/diferenca-entre-trafego-pago-e-organico-em-ilustra.jpeg","width":2500,"height":1450,"caption":"Ag\u00eancia Legions"},"image":{"@id":"https:\/\/agencialegions.com.br\/blog\/#\/schema\/logo\/image\/"},"sameAs":["https:\/\/www.facebook.com\/agencialegions","https:\/\/x.com\/agencialegions","https:\/\/www.instagram.com\/agencialegions\/","https:\/\/www.linkedin.com\/company\/agencia-legions\/","https:\/\/www.youtube.com\/c\/legionsbiz"]}]}},"_links":{"self":[{"href":"https:\/\/agencialegions.com.br\/blog\/wp-json\/wp\/v2\/pages\/561","targetHints":{"allow":["GET"]}}],"collection":[{"href":"https:\/\/agencialegions.com.br\/blog\/wp-json\/wp\/v2\/pages"}],"about":[{"href":"https:\/\/agencialegions.com.br\/blog\/wp-json\/wp\/v2\/types\/page"}],"author":[{"embeddable":true,"href":"https:\/\/agencialegions.com.br\/blog\/wp-json\/wp\/v2\/users\/1"}],"replies":[{"embeddable":true,"href":"https:\/\/agencialegions.com.br\/blog\/wp-json\/wp\/v2\/comments?post=561"}],"version-history":[{"count":28,"href":"https:\/\/agencialegions.com.br\/blog\/wp-json\/wp\/v2\/pages\/561\/revisions"}],"predecessor-version":[{"id":2452,"href":"https:\/\/agencialegions.com.br\/blog\/wp-json\/wp\/v2\/pages\/561\/revisions\/2452"}],"wp:attachment":[{"href":"https:\/\/agencialegions.com.br\/blog\/wp-json\/wp\/v2\/media?parent=561"}],"curies":[{"name":"wp","href":"https:\/\/api.w.org\/{rel}","templated":true}]}}